{"id":9,"date":"2022-01-12T15:08:07","date_gmt":"2022-01-12T14:08:07","guid":{"rendered":"https:\/\/diapason95.org\/?page_id=9"},"modified":"2022-01-28T09:11:55","modified_gmt":"2022-01-28T08:11:55","slug":"accueil","status":"publish","type":"page","link":"https:\/\/diapason95.org\/","title":{"rendered":"Accueil"},"content":{"rendered":"<div id=\"pl-gb9-69e9f2f9e8228\"  class=\"panel-layout\" ><div id=\"pg-gb9-69e9f2f9e8228-0\"  class=\"panel-grid panel-has-style\" ><div class=\"siteorigin-panels-stretch panel-row-style panel-row-style-for-gb9-69e9f2f9e8228-0\" id=\"Accueil\" data-stretch-type=\"full-width-stretch\" ><div id=\"pgc-gb9-69e9f2f9e8228-0-0\"  class=\"panel-grid-cell\" ><div id=\"panel-gb9-69e9f2f9e8228-0-0-0\" class=\"so-panel widget widget_sow-hero panel-first-child panel-last-child\" data-index=\"0\" ><div\n\t\t\t\n\t\t\tclass=\"so-widget-sow-hero so-widget-sow-hero-default-d6b1f726df7c-9 so-widget-fittext-wrapper\"\n\t\t\t data-fit-text-compressor=\"0.85\"\n\t\t>\t\t\t\t<div class=\"sow-slider-base\" style=\"display: none\" tabindex=\"0\">\n\t\t\t\t\t<ul\n\t\t\t\t\tclass=\"sow-slider-images\"\n\t\t\t\t\tdata-settings=\"{&quot;pagination&quot;:true,&quot;speed&quot;:800,&quot;timeout&quot;:11000,&quot;paused&quot;:false,&quot;pause_on_hover&quot;:false,&quot;swipe&quot;:true,&quot;nav_always_show_desktop&quot;:&quot;&quot;,&quot;nav_always_show_mobile&quot;:&quot;&quot;,&quot;breakpoint&quot;:&quot;780px&quot;,&quot;unmute&quot;:false,&quot;anchor&quot;:null}\"\n\t\t\t\t\tstyle=\"min-height: 720px\"\t\t\t\t\tdata-anchor-id=\"\"\n\t\t\t\t>\t\t<li class=\"sow-slider-image  sow-slider-image-cover\" style=\"visibility: visible;;background-color: #333333\" >\n\t\t\t\t\t<div class=\"sow-slider-image-container\">\n\t\t\t<div class=\"sow-slider-image-wrapper\">\n\t\t\t\t<h1 style=\"text-align: center\"><img decoding=\"async\" loading=\"lazy\" class=\"alignnone wp-image-25 size-full\" src=\"http:\/\/diapason95.org\/wp-content\/uploads\/2022\/01\/logosite.png\" alt=\"\" width=\"301\" height=\"111\" \/><\/h1>\n<h1 style=\"text-align: center\">Louez votre salle \u00e0 Saint-Leu-La-For\u00eat<\/h1>\n<h3 style=\"text-align: center\">S\u00e9minaires, rencontres culturelles, projections vid\u00e9os ou vins d&rsquo;honneurs.<\/h3>\n\t\t\t<\/div>\n\t\t<\/div>\n\t\t<div class=\"sow-slider-image-overlay sow-slider-image-cover\" style=\"opacity: 0.75;background-image: url(https:\/\/diapason95.org\/wp-content\/uploads\/2022\/01\/diapasonBar.jpg)\"  ><\/div>\t\t<\/li>\n\t\t\t\t<li class=\"sow-slider-image  sow-slider-image-cover\" style=\"visibility: hidden;;background-color: #333333\" >\n\t\t\t\t\t<div class=\"sow-slider-image-container\">\n\t\t\t<div class=\"sow-slider-image-wrapper\">\n\t\t\t\t<h1 style=\"text-align: center\"><img decoding=\"async\" loading=\"lazy\" class=\"alignnone size-full wp-image-25\" src=\"http:\/\/diapason95.org\/wp-content\/uploads\/2022\/01\/logosite.png\" alt=\"\" width=\"301\" height=\"111\" \/><\/h1>\n<h1 style=\"text-align: center\">R\u00e9gies spectacles<\/h1>\n<h3 style=\"text-align: center\">Sonorisation et \u00e9clairage, mise en spectacle.<\/h3>\n\t\t\t<\/div>\n\t\t<\/div>\n\t\t<div class=\"sow-slider-image-overlay sow-slider-image-cover\" style=\"opacity: 0.8\" data-background=\"url(https:\/\/diapason95.org\/wp-content\/uploads\/2022\/01\/microphones.jpg)\"  ><\/div>\t\t<\/li>\n\t\t\t\t<li class=\"sow-slider-image  sow-slider-image-cover\" style=\"visibility: hidden;;background-color: #333333\" data-background=\"url(https:\/\/diapason95.org\/wp-content\/uploads\/2022\/01\/movie-theater.jpg)\" >\n\t\t\t\t\t<div class=\"sow-slider-image-container\">\n\t\t\t<div class=\"sow-slider-image-wrapper\">\n\t\t\t\t<h1 style=\"text-align: center\"><img decoding=\"async\" loading=\"lazy\" class=\"alignnone size-full wp-image-25\" src=\"http:\/\/diapason95.org\/wp-content\/uploads\/2022\/01\/logosite.png\" alt=\"\" width=\"301\" height=\"111\" \/><\/h1>\n<h1 style=\"text-align: center\">Organisation<\/h1>\n<h3 style=\"text-align: center\">Spectacles, f\u00eates priv\u00e9es et publiques.<\/h3>\n\t\t\t<\/div>\n\t\t<\/div>\n\t\t\t\t<\/li>\n\t\t\t\t<li class=\"sow-slider-image  sow-slider-image-cover\" style=\"visibility: hidden;;background-color: #333333\" data-background=\"url(https:\/\/diapason95.org\/wp-content\/uploads\/2022\/01\/audioEquipment.jpg)\" >\n\t\t\t\t\t<div class=\"sow-slider-image-container\">\n\t\t\t<div class=\"sow-slider-image-wrapper\">\n\t\t\t\t<h1 style=\"text-align: center\"><img decoding=\"async\" loading=\"lazy\" class=\"alignnone size-full wp-image-25\" src=\"http:\/\/diapason95.org\/wp-content\/uploads\/2022\/01\/logosite.png\" alt=\"\" width=\"301\" height=\"111\" \/><\/h1>\n<h1 style=\"text-align: center\">Location de mat\u00e9riel<\/h1>\n<h3 style=\"text-align: center\">Syst\u00e8mes de diffusion et enregistrement, Lumi\u00e8res de sc\u00e8ne, mat\u00e9riel de r\u00e9ception.<\/h3>\n\t\t\t<\/div>\n\t\t<\/div>\n\t\t\t\t<\/li>\n\t\t<\/ul>\t\t\t\t<ol class=\"sow-slider-pagination\">\n\t\t\t\t\t\t\t\t\t\t\t<li><a href=\"#\" data-goto=\"0\" aria-label=\"Display slide 1\"><\/a><\/li>\n\t\t\t\t\t\t\t\t\t\t\t<li><a href=\"#\" data-goto=\"1\" aria-label=\"Display slide 2\"><\/a><\/li>\n\t\t\t\t\t\t\t\t\t\t\t<li><a href=\"#\" data-goto=\"2\" aria-label=\"Display slide 3\"><\/a><\/li>\n\t\t\t\t\t\t\t\t\t\t\t<li><a href=\"#\" data-goto=\"3\" aria-label=\"Display slide 4\"><\/a><\/li>\n\t\t\t\t\t\t\t\t\t<\/ol>\n\n\t\t\t\t<div class=\"sow-slide-nav sow-slide-nav-next\">\n\t\t\t\t\t<a href=\"#\" data-goto=\"next\" aria-label=\"Next slide\" data-action=\"next\">\n\t\t\t\t\t\t<em class=\"sow-sld-icon-thin-right\"><\/em>\n\t\t\t\t\t<\/a>\n\t\t\t\t<\/div>\n\n\t\t\t\t<div class=\"sow-slide-nav sow-slide-nav-prev\">\n\t\t\t\t\t<a href=\"#\" data-goto=\"previous\" aria-label=\"Previous slide\" data-action=\"prev\">\n\t\t\t\t\t\t<em class=\"sow-sld-icon-thin-left\"><\/em>\n\t\t\t\t\t<\/a>\n\t\t\t\t<\/div>\n\t\t\t\t<\/div><\/div><\/div><\/div><\/div><\/div><div id=\"pg-gb9-69e9f2f9e8228-1\"  class=\"panel-grid panel-has-style\" ><div id=\"presentation\" class=\"panel-row-style panel-row-style-for-gb9-69e9f2f9e8228-1\" ><div id=\"pgc-gb9-69e9f2f9e8228-1-0\"  class=\"panel-grid-cell\" ><div id=\"panel-gb9-69e9f2f9e8228-1-0-0\" class=\"so-panel widget widget_sow-headline panel-first-child\" data-index=\"1\" ><div\n\t\t\t\n\t\t\tclass=\"so-widget-sow-headline so-widget-sow-headline-default-66ff20c88054-9 so-widget-fittext-wrapper\"\n\t\t\t data-fit-text-compressor=\"0.85\"\n\t\t><div class=\"sow-headline-container \">\n\t\t\t\t\t\t\t<h2 class=\"sow-headline\">\n\t\t\t\t\t\tL&rsquo;association pour vos \u00e9v\u00e9nements\t\t\t\t\t\t<\/h2>\n\t\t\t\t\t\t\t\t\t\t\t<div class=\"decoration\">\n\t\t\t\t\t\t<div class=\"decoration-inside\"><\/div>\n\t\t\t\t\t<\/div>\n\t\t\t\t\t\t\t\t\t\t\t<h3 class=\"sow-sub-headline\">\n\t\t\t\t\t\tDiapason95, c&rsquo;est une salle \u00e0 louer \u00e0 Saint Leu La For\u00eat (95)\t\t\t\t\t\t<\/h3>\n\t\t\t\t\t\t<\/div>\n<\/div><\/div><div id=\"panel-gb9-69e9f2f9e8228-1-0-1\" class=\"so-panel widget widget_text panel-last-child\" data-index=\"2\" ><h3 class=\"widget-title\">L&rsquo;\u00e9v\u00e9nement le plus important, c&rsquo;est le v\u00f4tre.<\/h3>\t\t\t<div class=\"textwidget\"><ul>\n<li>PARTICULIERS, pensez \u00e0 retenir notre salle pour vos r\u00e9unions amicales, familiales (y compris les apr\u00e8s-c\u00e9r\u00e9monies).<\/li>\n<li>PROFESSIONNELS , envisagez une formation ou une pr\u00e9sentation de votre activit\u00e9s et de vos produits.<\/li>\n<li>ASSOCIATIONS, pourquoi ne pas envisager des stages ou des r\u00e9p\u00e9titions de chant et danses ?<\/li>\n<li>ARTISTES CREATEURS, que diriez-vous d&rsquo;une exposition-vente de vos \u0153uvres : peintures, sculptures, BD, poteries ou toutes autres cr\u00e9ations?<\/li>\n<\/ul>\n<p>Laissez aller votre imagination et consultez nos tarifs et conditions en nous contactant directement via le formulaire de contact.<\/p>\n<p>N&rsquo;h\u00e9sitez pas \u00e0 prendre contact avec nous pour une \u00e9tude personnalis\u00e9 de l&rsquo;\u00e9v\u00e9nement que vous souhaitez mettre en place.<\/p>\n<\/div>\n\t\t<\/div><\/div><\/div><\/div><div id=\"pg-gb9-69e9f2f9e8228-2\"  class=\"panel-grid panel-has-style\" ><div id=\"qui-sommes-nous\" class=\"panel-row-style panel-row-style-for-gb9-69e9f2f9e8228-2\" ><div id=\"pgc-gb9-69e9f2f9e8228-2-0\"  class=\"panel-grid-cell\" ><div id=\"panel-gb9-69e9f2f9e8228-2-0-0\" class=\"so-panel widget widget_sow-headline panel-first-child\" data-index=\"3\" ><div\n\t\t\t\n\t\t\tclass=\"so-widget-sow-headline so-widget-sow-headline-default-66ff20c88054-9 so-widget-fittext-wrapper\"\n\t\t\t data-fit-text-compressor=\"0.85\"\n\t\t><div class=\"sow-headline-container \">\n\t\t\t\t\t\t\t<h2 class=\"sow-headline\">\n\t\t\t\t\t\tQui sommes-nous?\t\t\t\t\t\t<\/h2>\n\t\t\t\t\t\t\t\t\t\t\t<div class=\"decoration\">\n\t\t\t\t\t\t<div class=\"decoration-inside\"><\/div>\n\t\t\t\t\t<\/div>\n\t\t\t\t\t\t\t\t\t\t\t<h3 class=\"sow-sub-headline\">\n\t\t\t\t\t\tL&rsquo;association Diapason95\t\t\t\t\t\t<\/h3>\n\t\t\t\t\t\t<\/div>\n<\/div><\/div><div id=\"panel-gb9-69e9f2f9e8228-2-0-1\" class=\"so-panel widget widget_text panel-last-child\" data-index=\"4\" ><h3 class=\"widget-title\">La passion d&rsquo;\u00eatre \u00e0 l&rsquo;unisson.<\/h3>\t\t\t<div class=\"textwidget\"><p>Diapason 95 est une Association Loi 1901 cr\u00e9\u00e9e le 21 juin 1991, le jour de la f\u00eate de la musique, et ce n&rsquo;est pas un hasard,<\/p>\n<p>Nous avons la passion de l\u2019\u00e9v\u00e9nementiel et forts de notre exp\u00e9rience, nous favorisons et organisons des manifestations \u00e0 caract\u00e8re artistique ou commercial alliant l&rsquo;animation,la sonorisation, l&rsquo;\u00e9clairage et l&rsquo;organisation et mise en place technique de vos projets<\/p>\n<p>Nous mettons notre exp\u00e9rience \u00e0 la disposition des associations, collectivit\u00e9s locales, d\u00e9partementales, comit\u00e9s des f\u00eates, services culturels ou autres,<\/p>\n<p>Constamment \u00e0 votre \u00e9coute\u00a0, vous nous parlez de votre projet, de vos objectifs, de l&rsquo;impact souhait\u00e9, nous les mettons en place, Ainsi vous vous lib\u00e9rez des contraintes de l&rsquo;organisation et profitez pleinement de votre \u00e9v\u00e9nement, Ensemble nous travaillerons \u00e0 votre r\u00e9ussite.<\/p>\n<\/div>\n\t\t<\/div><\/div><\/div><\/div><div id=\"pg-gb9-69e9f2f9e8228-3\"  class=\"panel-grid panel-has-style\" ><div id=\"Gallerie\" class=\"panel-row-style panel-row-style-for-gb9-69e9f2f9e8228-3\" ><div id=\"pgc-gb9-69e9f2f9e8228-3-0\"  class=\"panel-grid-cell panel-grid-cell-empty\" ><\/div><\/div><\/div><\/div>\n\n\n<p><\/p>\n","protected":false},"excerpt":{"rendered":"<p>PARTICULIERS, pensez \u00e0 retenir notre salle pour vos r\u00e9unions amicales, familiales (y compris les apr\u00e8s-c\u00e9r\u00e9monies). PROFESSIONNELS , envisagez une formation ou une pr\u00e9sentation de votre activit\u00e9s et de vos produits. ASSOCIATIONS, pourquoi ne pas envisager des stages ou des r\u00e9p\u00e9titions de chant et danses ? ARTISTES CREATEURS, que diriez-vous d&rsquo;une exposition-vente de vos \u0153uvres : [&hellip;]<\/p>\n","protected":false},"author":1,"featured_media":0,"parent":0,"menu_order":0,"comment_status":"closed","ping_status":"closed","template":"","meta":[],"_links":{"self":[{"href":"https:\/\/diapason95.org\/index.php\/wp-json\/wp\/v2\/pages\/9"}],"collection":[{"href":"https:\/\/diapason95.org\/index.php\/wp-json\/wp\/v2\/pages"}],"about":[{"href":"https:\/\/diapason95.org\/index.php\/wp-json\/wp\/v2\/types\/page"}],"author":[{"embeddable":true,"href":"https:\/\/diapason95.org\/index.php\/wp-json\/wp\/v2\/users\/1"}],"replies":[{"embeddable":true,"href":"https:\/\/diapason95.org\/index.php\/wp-json\/wp\/v2\/comments?post=9"}],"version-history":[{"count":24,"href":"https:\/\/diapason95.org\/index.php\/wp-json\/wp\/v2\/pages\/9\/revisions"}],"predecessor-version":[{"id":70,"href":"https:\/\/diapason95.org\/index.php\/wp-json\/wp\/v2\/pages\/9\/revisions\/70"}],"wp:attachment":[{"href":"https:\/\/diapason95.org\/index.php\/wp-json\/wp\/v2\/media?parent=9"}],"curies":[{"name":"wp","href":"https:\/\/api.w.org\/{rel}","templated":true}]}}