{"id":72,"date":"2022-01-28T09:24:09","date_gmt":"2022-01-28T08:24:09","guid":{"rendered":"https:\/\/diapason95.org\/?page_id=72"},"modified":"2022-01-28T09:30:09","modified_gmt":"2022-01-28T08:30:09","slug":"spectacles","status":"publish","type":"page","link":"https:\/\/diapason95.org\/index.php\/spectacles\/","title":{"rendered":"Spectacles"},"content":{"rendered":"<div id=\"pl-gb72-69eb559da4b0c\"  class=\"panel-layout\" ><div id=\"pg-gb72-69eb559da4b0c-0\"  class=\"panel-grid panel-has-style\" ><div class=\"siteorigin-panels-stretch panel-row-style panel-row-style-for-gb72-69eb559da4b0c-0\" id=\"spectacles\" data-stretch-type=\"full-width-stretch\" ><div id=\"pgc-gb72-69eb559da4b0c-0-0\"  class=\"panel-grid-cell\" ><div id=\"panel-gb72-69eb559da4b0c-0-0-0\" class=\"so-panel widget widget_sow-hero panel-first-child panel-last-child\" data-index=\"0\" ><div\n\t\t\t\n\t\t\tclass=\"so-widget-sow-hero so-widget-sow-hero-default-feeb6d4bc3df-72 so-widget-fittext-wrapper\"\n\t\t\t data-fit-text-compressor=\"0.85\"\n\t\t>\t\t\t\t<div class=\"sow-slider-base\" style=\"display: none\" tabindex=\"0\">\n\t\t\t\t\t<ul\n\t\t\t\t\tclass=\"sow-slider-images\"\n\t\t\t\t\tdata-settings=\"{&quot;pagination&quot;:true,&quot;speed&quot;:800,&quot;timeout&quot;:11000,&quot;paused&quot;:false,&quot;pause_on_hover&quot;:false,&quot;swipe&quot;:true,&quot;nav_always_show_desktop&quot;:&quot;&quot;,&quot;nav_always_show_mobile&quot;:&quot;&quot;,&quot;breakpoint&quot;:&quot;780px&quot;,&quot;unmute&quot;:false,&quot;anchor&quot;:null}\"\n\t\t\t\t\tstyle=\"min-height: 300px\"\t\t\t\t\tdata-anchor-id=\"\"\n\t\t\t\t>\t\t<li class=\"sow-slider-image  sow-slider-image-cover\" style=\"visibility: visible;;background-color: #333333\" >\n\t\t\t\t\t<div class=\"sow-slider-image-container\">\n\t\t\t<div class=\"sow-slider-image-wrapper\">\n\t\t\t\t<h1 style=\"text-align: center\"><img decoding=\"async\" loading=\"lazy\" class=\"alignnone wp-image-25 size-full\" src=\"http:\/\/diapason95.org\/wp-content\/uploads\/2022\/01\/logosite.png\" alt=\"\" width=\"301\" height=\"111\" \/><\/h1>\n<h1 style=\"text-align: center\">Spectacles<\/h1>\n<h3 style=\"text-align: center\">Donnez \u00e0 votre \u00e9v\u00e9nement, l&rsquo;ampleur qu&rsquo;il m\u00e9rite.<\/h3>\n\t\t\t<\/div>\n\t\t<\/div>\n\t\t<div class=\"sow-slider-image-overlay sow-slider-image-cover\" style=\"opacity: 0.75;background-image: url(https:\/\/diapason95.org\/wp-content\/uploads\/2022\/01\/microphones.jpg)\"  ><\/div>\t\t<\/li>\n\t\t\t\t<li class=\"sow-slider-image  sow-slider-image-cover\" style=\"visibility: hidden;;background-color: #333333\" >\n\t\t\t\t\t<div class=\"sow-slider-image-container\">\n\t\t\t<div class=\"sow-slider-image-wrapper\">\n\t\t\t\t<h1 style=\"text-align: center\"><img decoding=\"async\" loading=\"lazy\" class=\"alignnone wp-image-25 size-full\" src=\"http:\/\/diapason95.org\/wp-content\/uploads\/2022\/01\/logosite.png\" alt=\"\" width=\"301\" height=\"111\" \/><\/h1>\n<h1 style=\"text-align: center\">Spectacles<\/h1>\n<h3 style=\"text-align: center\">Donnez \u00e0 votre \u00e9v\u00e9nement, l&rsquo;ampleur qu&rsquo;il m\u00e9rite.<\/h3>\n\t\t\t<\/div>\n\t\t<\/div>\n\t\t<div class=\"sow-slider-image-overlay sow-slider-image-cover\" style=\"opacity: 0.8\" data-background=\"url(https:\/\/diapason95.org\/wp-content\/uploads\/2022\/01\/microphones.jpg)\"  ><\/div>\t\t<\/li>\n\t\t\t\t<li class=\"sow-slider-image  sow-slider-image-cover\" style=\"visibility: hidden;;background-color: #333333\" data-background=\"url(https:\/\/diapason95.org\/wp-content\/uploads\/2022\/01\/movie-theater.jpg)\" >\n\t\t\t\t\t<div class=\"sow-slider-image-container\">\n\t\t\t<div class=\"sow-slider-image-wrapper\">\n\t\t\t\t<h1 style=\"text-align: center\"><img decoding=\"async\" loading=\"lazy\" class=\"alignnone size-full wp-image-25\" src=\"http:\/\/diapason95.org\/wp-content\/uploads\/2022\/01\/logosite.png\" alt=\"\" width=\"301\" height=\"111\" \/><\/h1>\n<h1 style=\"text-align: center\">Organisation<\/h1>\n<h3 style=\"text-align: center\">Spectacles, f\u00eates priv\u00e9es et publiques.<\/h3>\n\t\t\t<\/div>\n\t\t<\/div>\n\t\t\t\t<\/li>\n\t\t\t\t<li class=\"sow-slider-image  sow-slider-image-cover\" style=\"visibility: hidden;;background-color: #333333\" data-background=\"url(https:\/\/diapason95.org\/wp-content\/uploads\/2022\/01\/audioEquipment.jpg)\" >\n\t\t\t\t\t<div class=\"sow-slider-image-container\">\n\t\t\t<div class=\"sow-slider-image-wrapper\">\n\t\t\t\t<h1 style=\"text-align: center\"><img decoding=\"async\" loading=\"lazy\" class=\"alignnone size-full wp-image-25\" src=\"http:\/\/diapason95.org\/wp-content\/uploads\/2022\/01\/logosite.png\" alt=\"\" width=\"301\" height=\"111\" \/><\/h1>\n<h1 style=\"text-align: center\">Location de mat\u00e9riel<\/h1>\n<h3 style=\"text-align: center\">Syst\u00e8mes de diffusion et enregistrement, Lumi\u00e8res de sc\u00e8ne, mat\u00e9riel de r\u00e9ception.<\/h3>\n\t\t\t<\/div>\n\t\t<\/div>\n\t\t\t\t<\/li>\n\t\t<\/ul>\t\t\t\t<ol class=\"sow-slider-pagination\">\n\t\t\t\t\t\t\t\t\t\t\t<li><a href=\"#\" data-goto=\"0\" aria-label=\"Display slide 1\"><\/a><\/li>\n\t\t\t\t\t\t\t\t\t\t\t<li><a href=\"#\" data-goto=\"1\" aria-label=\"Display slide 2\"><\/a><\/li>\n\t\t\t\t\t\t\t\t\t\t\t<li><a href=\"#\" data-goto=\"2\" aria-label=\"Display slide 3\"><\/a><\/li>\n\t\t\t\t\t\t\t\t\t\t\t<li><a href=\"#\" data-goto=\"3\" aria-label=\"Display slide 4\"><\/a><\/li>\n\t\t\t\t\t\t\t\t\t<\/ol>\n\n\t\t\t\t<div class=\"sow-slide-nav sow-slide-nav-next\">\n\t\t\t\t\t<a href=\"#\" data-goto=\"next\" aria-label=\"Next slide\" data-action=\"next\">\n\t\t\t\t\t\t<em class=\"sow-sld-icon-thin-right\"><\/em>\n\t\t\t\t\t<\/a>\n\t\t\t\t<\/div>\n\n\t\t\t\t<div class=\"sow-slide-nav sow-slide-nav-prev\">\n\t\t\t\t\t<a href=\"#\" data-goto=\"previous\" aria-label=\"Previous slide\" data-action=\"prev\">\n\t\t\t\t\t\t<em class=\"sow-sld-icon-thin-left\"><\/em>\n\t\t\t\t\t<\/a>\n\t\t\t\t<\/div>\n\t\t\t\t<\/div><\/div><\/div><\/div><\/div><\/div><div id=\"pg-gb72-69eb559da4b0c-1\"  class=\"panel-grid panel-has-style\" ><div id=\"sonorisation\" class=\"panel-row-style panel-row-style-for-gb72-69eb559da4b0c-1\" ><div id=\"pgc-gb72-69eb559da4b0c-1-0\"  class=\"panel-grid-cell\" ><div id=\"panel-gb72-69eb559da4b0c-1-0-0\" class=\"so-panel widget widget_sow-headline panel-first-child\" data-index=\"1\" ><div\n\t\t\t\n\t\t\tclass=\"so-widget-sow-headline so-widget-sow-headline-default-66ff20c88054-72 so-widget-fittext-wrapper\"\n\t\t\t data-fit-text-compressor=\"0.85\"\n\t\t><div class=\"sow-headline-container \">\n\t\t\t\t\t\t\t<h2 class=\"sow-headline\">\n\t\t\t\t\t\tSonorisation\t\t\t\t\t\t<\/h2>\n\t\t\t\t\t\t\t\t\t\t\t<div class=\"decoration\">\n\t\t\t\t\t\t<div class=\"decoration-inside\"><\/div>\n\t\t\t\t\t<\/div>\n\t\t\t\t\t\t\t\t\t\t\t<h3 class=\"sow-sub-headline\">\n\t\t\t\t\t\tDes configurations vari\u00e9es et adapt\u00e9es.\t\t\t\t\t\t<\/h3>\n\t\t\t\t\t\t<\/div>\n<\/div><\/div><div id=\"panel-gb72-69eb559da4b0c-1-0-1\" class=\"so-panel widget widget_text panel-last-child\" data-index=\"2\" ><h3 class=\"widget-title\">La r\u00e9ussite de votre manifestation passe par une bonne restitution sonore.<\/h3>\t\t\t<div class=\"textwidget\"><p>Nous pouvons intervenir dans diff\u00e9rents domaines tels que\u00a0:<br \/>\nConcerts, Spectacle de danse, feux d&rsquo;artifices, toutes mises en sc\u00e8ne de plein air ,,,<\/p>\n<p>Pour toutes vos rencontres commerciales ou associatives, nous pouvons sonoriser et animer rues, villages de tentes, halls d&rsquo;exposition,\u00a0Salles omnisports ,,,<\/p>\n<p>Nous pouvons r\u00e9aliser le montage de vos musiques, effets et ambiance, bruitages, voix off, messages publicitaires<\/p>\n<\/div>\n\t\t<\/div><\/div><\/div><\/div><div id=\"pg-gb72-69eb559da4b0c-2\"  class=\"panel-grid panel-has-style\" ><div id=\"eclairage\" class=\"panel-row-style panel-row-style-for-gb72-69eb559da4b0c-2\" ><div id=\"pgc-gb72-69eb559da4b0c-2-0\"  class=\"panel-grid-cell\" ><div id=\"panel-gb72-69eb559da4b0c-2-0-0\" class=\"so-panel widget widget_sow-headline panel-first-child\" data-index=\"3\" ><div\n\t\t\t\n\t\t\tclass=\"so-widget-sow-headline so-widget-sow-headline-default-66ff20c88054-72 so-widget-fittext-wrapper\"\n\t\t\t data-fit-text-compressor=\"0.85\"\n\t\t><div class=\"sow-headline-container \">\n\t\t\t\t\t\t\t<h2 class=\"sow-headline\">\n\t\t\t\t\t\tEclairage\t\t\t\t\t\t<\/h2>\n\t\t\t\t\t\t\t\t\t\t\t<div class=\"decoration\">\n\t\t\t\t\t\t<div class=\"decoration-inside\"><\/div>\n\t\t\t\t\t<\/div>\n\t\t\t\t\t\t\t\t\t\t\t<h3 class=\"sow-sub-headline\">\n\t\t\t\t\t\tMise en lumi\u00e8re\t\t\t\t\t\t<\/h3>\n\t\t\t\t\t\t<\/div>\n<\/div><\/div><div id=\"panel-gb72-69eb559da4b0c-2-0-1\" class=\"so-panel widget widget_text panel-last-child\" data-index=\"4\" ><h3 class=\"widget-title\">La passion d&rsquo;\u00eatre \u00e0 l&rsquo;unisson.<\/h3>\t\t\t<div class=\"textwidget\"><p>Quel que soit votre \u00e9v\u00e9nement, Diapason 95 saura mettre en avant les moment forts de votre \u00e9v\u00e9nement.<\/p>\n<p>De l&rsquo;\u00e9clairage de r\u00e9union, tamis\u00e9 pour des vid\u00e9oprotections lumineuses \u00e0 la mise en couleur de votre rencontre ou pr\u00e9sentation, notre mat\u00e9riel professionnel vous permet d&rsquo;obtenir le r\u00e9sultat souhait\u00e9.<\/p>\n<\/div>\n\t\t<\/div><\/div><\/div><\/div><div id=\"pg-gb72-69eb559da4b0c-3\"  class=\"panel-grid panel-has-style\" ><div id=\"Gallerie\" class=\"panel-row-style panel-row-style-for-gb72-69eb559da4b0c-3\" ><div id=\"pgc-gb72-69eb559da4b0c-3-0\"  class=\"panel-grid-cell panel-grid-cell-empty\" ><\/div><\/div><\/div><\/div>","protected":false},"excerpt":{"rendered":"<p>Nous pouvons intervenir dans diff\u00e9rents domaines tels que\u00a0: Concerts, Spectacle de danse, feux d&rsquo;artifices, toutes mises en sc\u00e8ne de plein air ,,, Pour toutes vos rencontres commerciales ou associatives, nous pouvons sonoriser et animer rues, villages de tentes, halls d&rsquo;exposition,\u00a0Salles omnisports ,,, Nous pouvons r\u00e9aliser le montage de vos musiques, effets et ambiance, bruitages, voix [&hellip;]<\/p>\n","protected":false},"author":1,"featured_media":0,"parent":0,"menu_order":0,"comment_status":"closed","ping_status":"closed","template":"","meta":[],"_links":{"self":[{"href":"https:\/\/diapason95.org\/index.php\/wp-json\/wp\/v2\/pages\/72"}],"collection":[{"href":"https:\/\/diapason95.org\/index.php\/wp-json\/wp\/v2\/pages"}],"about":[{"href":"https:\/\/diapason95.org\/index.php\/wp-json\/wp\/v2\/types\/page"}],"author":[{"embeddable":true,"href":"https:\/\/diapason95.org\/index.php\/wp-json\/wp\/v2\/users\/1"}],"replies":[{"embeddable":true,"href":"https:\/\/diapason95.org\/index.php\/wp-json\/wp\/v2\/comments?post=72"}],"version-history":[{"count":4,"href":"https:\/\/diapason95.org\/index.php\/wp-json\/wp\/v2\/pages\/72\/revisions"}],"predecessor-version":[{"id":78,"href":"https:\/\/diapason95.org\/index.php\/wp-json\/wp\/v2\/pages\/72\/revisions\/78"}],"wp:attachment":[{"href":"https:\/\/diapason95.org\/index.php\/wp-json\/wp\/v2\/media?parent=72"}],"curies":[{"name":"wp","href":"https:\/\/api.w.org\/{rel}","templated":true}]}}